{"id":348,"date":"2024-03-23T15:09:21","date_gmt":"2024-03-23T12:09:21","guid":{"rendered":"https:\/\/bursalaboratuvar.com\/?page_id=348"},"modified":"2024-03-23T15:21:03","modified_gmt":"2024-03-23T12:21:03","slug":"besin-intoleransi","status":"publish","type":"page","link":"https:\/\/bursalaboratuvar.com\/index.php\/besin-intoleransi\/","title":{"rendered":"Besin \u0130ntolerans\u0131"},"content":{"rendered":"\t\t<div data-elementor-type=\"wp-page\" data-elementor-id=\"348\" class=\"elementor elementor-348\" data-elementor-post-type=\"page\">\n\t\t\t\t<div class=\"elementor-element elementor-element-97d2a0d e-flex e-con-boxed elementor-invisible e-con e-parent\" data-id=\"97d2a0d\" data-element_type=\"container\" data-settings=\"{&quot;animation&quot;:&quot;fadeInDown&quot;}\" data-core-v316-plus=\"true\">\n\t\t\t\t\t<div class=\"e-con-inner\">\n\t\t<div class=\"elementor-element elementor-element-a8aab80 e-con-full e-flex e-con e-child\" data-id=\"a8aab80\" data-element_type=\"container\" data-settings=\"{&quot;background_background&quot;:&quot;classic&quot;}\">\n\t\t\t\t<div class=\"elementor-element elementor-element-03c56a7 elementor-widget elementor-widget-heading\" data-id=\"03c56a7\" data-element_type=\"widget\" data-widget_type=\"heading.default\">\n\t\t\t\t<div class=\"elementor-widget-container\">\n\t\t\t<style>\/*! elementor - v3.20.0 - 20-03-2024 *\/\n.elementor-heading-title{padding:0;margin:0;line-height:1}.elementor-widget-heading .elementor-heading-title[class*=elementor-size-]>a{color:inherit;font-size:inherit;line-height:inherit}.elementor-widget-heading .elementor-heading-title.elementor-size-small{font-size:15px}.elementor-widget-heading .elementor-heading-title.elementor-size-medium{font-size:19px}.elementor-widget-heading .elementor-heading-title.elementor-size-large{font-size:29px}.elementor-widget-heading .elementor-heading-title.elementor-size-xl{font-size:39px}.elementor-widget-heading .elementor-heading-title.elementor-size-xxl{font-size:59px}<\/style><h2 class=\"elementor-heading-title elementor-size-default\">BES\u0130N \u0130NTOLERANSI<\/h2>\t\t<\/div>\n\t\t\t\t<\/div>\n\t\t\t\t<\/div>\n\t\t\t\t\t<\/div>\n\t\t\t\t<\/div>\n\t\t<div class=\"elementor-element elementor-element-2be3cda animated-slow e-flex e-con-boxed elementor-invisible e-con e-parent\" data-id=\"2be3cda\" data-element_type=\"container\" data-settings=\"{&quot;animation&quot;:&quot;fadeInUp&quot;}\" data-core-v316-plus=\"true\">\n\t\t\t\t\t<div class=\"e-con-inner\">\n\t\t<div class=\"elementor-element elementor-element-43aea7e e-con-full e-flex e-con e-child\" data-id=\"43aea7e\" data-element_type=\"container\">\n\t\t\t\t<div class=\"elementor-element elementor-element-9d829e0 elementor-widget elementor-widget-heading\" data-id=\"9d829e0\" data-element_type=\"widget\" data-widget_type=\"heading.default\">\n\t\t\t\t<div class=\"elementor-widget-container\">\n\t\t\t<h2 class=\"elementor-heading-title elementor-size-default\">BES\u0130N \u0130NTOLERANSI<\/h2>\t\t<\/div>\n\t\t\t\t<\/div>\n\t\t\t\t<div class=\"elementor-element elementor-element-ad37c65 elementor-widget elementor-widget-text-editor\" data-id=\"ad37c65\" data-element_type=\"widget\" data-widget_type=\"text-editor.default\">\n\t\t\t\t<div class=\"elementor-widget-container\">\n\t\t\t<style>\/*! elementor - v3.20.0 - 20-03-2024 *\/\n.elementor-widget-text-editor.elementor-drop-cap-view-stacked .elementor-drop-cap{background-color:#69727d;color:#fff}.elementor-widget-text-editor.elementor-drop-cap-view-framed .elementor-drop-cap{color:#69727d;border:3px solid;background-color:transparent}.elementor-widget-text-editor:not(.elementor-drop-cap-view-default) .elementor-drop-cap{margin-top:8px}.elementor-widget-text-editor:not(.elementor-drop-cap-view-default) .elementor-drop-cap-letter{width:1em;height:1em}.elementor-widget-text-editor .elementor-drop-cap{float:left;text-align:center;line-height:1;font-size:50px}.elementor-widget-text-editor .elementor-drop-cap-letter{display:inline-block}<\/style>\t\t\t\t<p><strong>G\u0131da \u0130ntolerans\u0131(besin intolerans\u0131) Nedir?<\/strong><\/p><p>Sa\u011fl\u0131kl\u0131 oldu\u011funu d\u00fc\u015f\u00fcnerek yedi\u011fimiz bir\u00e7ok g\u0131da, v\u00fccudumuzda olumsuz etkiler yarat\u0131yor olabilir. \u00d6rne\u011fin \u00e7ok sa\u011fl\u0131kl\u0131 oldu\u011funu d\u00fc\u015f\u00fcnd\u00fc\u011f\u00fcm\u00fcz bir yumurta, e\u011fer v\u00fccudumuz taraf\u0131ndan sindirilemiyor ise, v\u00fccudumuz bu yumurtan\u0131n i\u00e7indeki proteinlere kar\u015f\u0131 tepki vermeye ba\u015flayabilir. Bu olumsuz etki\u00a0<strong>\u201c<em>G\u0131da \u0130ntolerans\u0131<\/em>\u201c<\/strong>\u00a0olarak adland\u0131r\u0131l\u0131r ve v\u00fccutta\u00a0<strong><em>kilo almadan<\/em><\/strong>, bir\u00e7ok kronik rahats\u0131zl\u0131\u011fa kadar olumsuz etkilere yol a\u00e7abilir.<\/p><p>\u00a0<\/p><p><strong>Baz\u0131 Proteinler Amino Aside Par\u00e7alanamazsa Ne Olur?<\/strong><\/p><p>V\u00fccudumuzda \u00e7e\u015fitli enzimlerin olmay\u0131\u015f\u0131, ba\u011f\u0131rsak floras\u0131nda bozukluklar veya ge\u00e7irgen\u00a0<em>ba\u011f\u0131rsak sendromu<\/em>\u00a0gibi hastal\u0131klar, besinlerin ba\u011f\u0131rsakta d\u00fczg\u00fcn aminoasitleri olu\u015fturacak \u015fekilde par\u00e7alanmas\u0131n\u0131 engeller ve g\u0131dalar kana par\u00e7alanmadan ge\u00e7erler. Savunma sistemi bunlara yabanc\u0131 bir madde gibi muamele yapar ve ayn\u0131 bir bakteriye veya vir\u00fcse sald\u0131rd\u0131\u011f\u0131 gibi savunma sistemini harekete ge\u00e7irir. Bu sald\u0131r\u0131n\u0131n neticesinde v\u00fccutta enflamasyonlar olu\u015fur ve yan etkiler belirmeye ba\u015flar. Y\u00fckselen CRP de\u011ferleri en ba\u015fta halsizlik, metabolizma yava\u015flamas\u0131, ba\u011f\u0131rsak problemleri gibi semptomlara yol a\u00e7ar. Hastan\u0131n ayn\u0131 g\u0131day\u0131, fark\u0131nda olmadan d\u00fczenli t\u00fcketmesi durumunda daha bir\u00e7ok kronik hastal\u0131k geli\u015fmeye ba\u015flar., \u00d6zetle,\u00a0<em><strong>G\u0131da intolerans\u0131(besin intolerans\u0131)<\/strong><\/em>, ki\u015fiye \u00f6zel olarak, belirli g\u0131dalar\u0131n sindirim g\u00fc\u00e7l\u00fc\u011f\u00fcn\u00fc ifade eder.\u00a0<em><strong>G\u0131da \u0130ntolerans\u0131(besin intolerans\u0131)<\/strong><\/em>\u00a0ge\u00e7ici veya kal\u0131c\u0131 olabilir.<\/p><p>\u00a0<\/p><p><strong>Ge\u00e7ici G\u0131da \u0130ntolerans\u0131(besin intolerans\u0131) Nedir?<\/strong><\/p><p>Ge\u00e7ici G\u0131da \u0130ntolerans\u0131na\u00a0a\u015fa\u011f\u0131daki durumlar sebep olabilir:<\/p><ul><li>Belirli bir g\u0131dan\u0131n a\u015f\u0131r\u0131 t\u00fcketimi.<\/li><li>Baz\u0131 g\u0131da katk\u0131lar\u0131na v\u00fccudumuzun ge\u00e7ici olarak verdi\u011fi olumsuz tepkiler.<\/li><li>Polen sezonu gibi \u00f6zel d\u00f6nemlerin v\u00fccudumuzda etkileri.<\/li><li>So\u011fuk alg\u0131nl\u0131\u011f\u0131, grip veya \u00e7e\u015fitli vir\u00fctik hastal\u0131klar.<\/li><li>Antibiyotik kullan\u0131m\u0131na ba\u011fl\u0131 olu\u015fan Candida gibi\u00a0 \u00e7e\u015fitli ba\u011f\u0131rsak mantarlar\u0131.<\/li><li>Kad\u0131nlarda ovulasyon s\u0131ras\u0131nda veya adet \u00f6ncesi zamanlarda ge\u00e7ici g\u0131da intolerans\u0131 g\u00f6r\u00fclmesi daha muhtemeldir. Gebelik \u00f6ncesi veya sonras\u0131 hormonal de\u011fi\u015fiklikler de ge\u00e7ici <strong>g\u0131da intolerans\u0131na(besin intolerans\u0131na)<\/strong>\u00a0neden olabilir.<\/li><\/ul><p>\u00a0<\/p><p><strong>Kal\u0131c\u0131 G\u0131da \u0130ntolerans\u0131(besin intolerans\u0131) Nedir?<\/strong><\/p><p>Bir g\u0131day\u0131 sindirmek i\u00e7in gerekli olan bir enzimin v\u00fccutta eksikli\u011fi veya kronik ge\u00e7irgen ba\u011f\u0131rsak sendromu hastal\u0131\u011f\u0131, kal\u0131c\u0131 g\u0131da intolerans\u0131n\u0131n ana sebepleridir.<\/p><p>\u00a0<\/p><p><strong>Enzim Nedir Ve Enzim Eksikli\u011fi Nedir?<\/strong><\/p><p>Enzimler v\u00fccutta g\u0131dalar\u0131n sindirilmesini sa\u011flar. Bunlar sindirim sistemi, karaci\u011fer, b\u00f6brekler ve v\u00fccudun di\u011fer yap\u0131lar\u0131nda bulunur. Enzim eksikli\u011fi olan bir ki\u015fide, enzim v\u00fccut taraf\u0131ndan yeterli oranda \u00fcretilmez. Bu, genellikle, enzim \u00fcretmek i\u00e7in gerekli kodun mevcut olmamas\u0131 ya da herhangi bir \u015fekilde deforme olmas\u0131ndan kaynaklanan genetik bir hastal\u0131kt\u0131r. Enzim eksikli\u011finde, hastalar\u0131n organ fonksiyonlar\u0131nda problem olu\u015fur ve\u00a0<em>G\u0131da \u0130ntolerans\u0131<\/em>\u00a0ile kar\u015f\u0131la\u015f\u0131labilir.<\/p><p>\u00a0<\/p><p><strong>Ge\u00e7irgen\u00a0Ba\u011f\u0131rsak Sendromu Nedir?<\/strong><\/p><p>\u0130nce ba\u011f\u0131rsaktaki emilimi kontrol eden dokular\u0131n d\u00fczg\u00fcn \u00e7al\u0131\u015fmamas\u0131 ile ortaya \u00e7\u0131kar. Bu durum, istenmeyen maddelerin kana kar\u0131\u015fmas\u0131na neden olur.<\/p><p>\u00a0<\/p><p><strong>G\u0131da Alerjisi Ve G\u0131da \u0130ntolerans\u0131(besin intolerans\u0131) Aras\u0131ndaki Fark Nedir?<\/strong><\/p><p>G\u0131da alerjisi eri\u015fkin n\u00fcfusun yakla\u015f\u0131k % 2\u2032sini etkiler ve olduk\u00e7a nadirdir. Bir alerjik reaksiyon s\u0131ras\u0131nda, v\u00fccudun ba\u011f\u0131\u015f\u0131kl\u0131k sistemi \u2018i\u015fgal\u2019 edildi\u011fine inan\u0131r ve yanl\u0131\u015fl\u0131kla zararl\u0131 oldu\u011funu d\u00fc\u015f\u00fcnd\u00fc\u011f\u00fc yiyece\u011fi uzakla\u015ft\u0131rmak i\u00e7in IgE (\u0130mm\u00fcnglobulin E) antikorlar\u0131 \u00fcretir. Bu durumda v\u00fccudun tepkisi hafif ya da hayati derecede \u015fiddetli olarak de\u011fi\u015febilir.<\/p><p>\u00a0<\/p><p><strong>G\u0131da \u0130ntolerans\u0131(besin intolerans\u0131)<\/strong><\/p><p>Alerjinin aksine,\u00a0<em>g\u0131da intolerans\u0131<\/em>, genelde hayat\u0131 tehdit edici olmayan, ancak bir\u00e7ok uzun s\u00fcreli hastal\u0131\u011fa sebep olan biyolojik reaksiyonlardan olu\u015fur. G\u0131da alerjisinden farkl\u0131 olarak <br \/>IgE (\u0130mm\u00fcnglobulin E) antikorlar\u0131 de\u011fil igG antikorlar\u0131 \u00fcretilir.\u00a0<em>G\u0131da intolerans\u0131<\/em>\u00a0g\u0131da alerjisinden \u00e7ok daha yayg\u0131nd\u0131r ve d\u00fcnya n\u00fcfusunun yar\u0131dan fazlas\u0131n\u0131 etkiler.<\/p>\t\t\t\t\t\t<\/div>\n\t\t\t\t<\/div>\n\t\t\t\t<\/div>\n\t\t\t\t\t<\/div>\n\t\t\t\t<\/div>\n\t\t\t\t<\/div>\n\t\t","protected":false},"excerpt":{"rendered":"<p>BES\u0130N \u0130NTOLERANSI BES\u0130N \u0130NTOLERANSI G\u0131da \u0130ntolerans\u0131(besin intolerans\u0131) Nedir? Sa\u011fl\u0131kl\u0131 oldu\u011funu d\u00fc\u015f\u00fcnerek yedi\u011fimiz bir\u00e7ok g\u0131da, v\u00fccudumuzda olumsuz etkiler yarat\u0131yor olabilir. \u00d6rne\u011fin \u00e7ok sa\u011fl\u0131kl\u0131 oldu\u011funu d\u00fc\u015f\u00fcnd\u00fc\u011f\u00fcm\u00fcz bir yumurta, e\u011fer v\u00fccudumuz taraf\u0131ndan sindirilemiyor ise, v\u00fccudumuz bu yumurtan\u0131n i\u00e7indeki proteinlere kar\u015f\u0131 tepki vermeye ba\u015flayabilir. Bu olumsuz etki\u00a0\u201cG\u0131da \u0130ntolerans\u0131\u201c\u00a0olarak adland\u0131r\u0131l\u0131r ve v\u00fccutta\u00a0kilo almadan, bir\u00e7ok kronik rahats\u0131zl\u0131\u011fa kadar olumsuz etkilere yol [&hellip;]<\/p>\n","protected":false},"author":1,"featured_media":0,"parent":0,"menu_order":0,"comment_status":"closed","ping_status":"closed","template":"","meta":{"footnotes":""},"_links":{"self":[{"href":"https:\/\/bursalaboratuvar.com\/index.php\/wp-json\/wp\/v2\/pages\/348"}],"collection":[{"href":"https:\/\/bursalaboratuvar.com\/index.php\/wp-json\/wp\/v2\/pages"}],"about":[{"href":"https:\/\/bursalaboratuvar.com\/index.php\/wp-json\/wp\/v2\/types\/page"}],"author":[{"embeddable":true,"href":"https:\/\/bursalaboratuvar.com\/index.php\/wp-json\/wp\/v2\/users\/1"}],"replies":[{"embeddable":true,"href":"https:\/\/bursalaboratuvar.com\/index.php\/wp-json\/wp\/v2\/comments?post=348"}],"version-history":[{"count":7,"href":"https:\/\/bursalaboratuvar.com\/index.php\/wp-json\/wp\/v2\/pages\/348\/revisions"}],"predecessor-version":[{"id":365,"href":"https:\/\/bursalaboratuvar.com\/index.php\/wp-json\/wp\/v2\/pages\/348\/revisions\/365"}],"wp:attachment":[{"href":"https:\/\/bursalaboratuvar.com\/index.php\/wp-json\/wp\/v2\/media?parent=348"}],"curies":[{"name":"wp","href":"https:\/\/api.w.org\/{rel}","templated":true}]}}