{"id":357,"date":"2024-03-23T15:18:30","date_gmt":"2024-03-23T12:18:30","guid":{"rendered":"https:\/\/bursalaboratuvar.com\/?page_id=357"},"modified":"2024-03-23T15:21:16","modified_gmt":"2024-03-23T12:21:16","slug":"gebelik-genetik-testler","status":"publish","type":"page","link":"https:\/\/bursalaboratuvar.com\/index.php\/gebelik-genetik-testler\/","title":{"rendered":"Gebelik Genetik Testler"},"content":{"rendered":"\t\t<div data-elementor-type=\"wp-page\" data-elementor-id=\"357\" class=\"elementor elementor-357\" data-elementor-post-type=\"page\">\n\t\t\t\t<div class=\"elementor-element elementor-element-45a1fa0 e-flex e-con-boxed elementor-invisible e-con e-parent\" data-id=\"45a1fa0\" data-element_type=\"container\" data-settings=\"{&quot;animation&quot;:&quot;fadeInDown&quot;}\" data-core-v316-plus=\"true\">\n\t\t\t\t\t<div class=\"e-con-inner\">\n\t\t<div class=\"elementor-element elementor-element-9968c38 e-con-full e-flex e-con e-child\" data-id=\"9968c38\" data-element_type=\"container\" data-settings=\"{&quot;background_background&quot;:&quot;classic&quot;}\">\n\t\t\t\t<div class=\"elementor-element elementor-element-264caff elementor-widget elementor-widget-heading\" data-id=\"264caff\" data-element_type=\"widget\" data-widget_type=\"heading.default\">\n\t\t\t\t<div class=\"elementor-widget-container\">\n\t\t\t<style>\/*! elementor - v3.20.0 - 20-03-2024 *\/\n.elementor-heading-title{padding:0;margin:0;line-height:1}.elementor-widget-heading .elementor-heading-title[class*=elementor-size-]>a{color:inherit;font-size:inherit;line-height:inherit}.elementor-widget-heading .elementor-heading-title.elementor-size-small{font-size:15px}.elementor-widget-heading .elementor-heading-title.elementor-size-medium{font-size:19px}.elementor-widget-heading .elementor-heading-title.elementor-size-large{font-size:29px}.elementor-widget-heading .elementor-heading-title.elementor-size-xl{font-size:39px}.elementor-widget-heading .elementor-heading-title.elementor-size-xxl{font-size:59px}<\/style><h2 class=\"elementor-heading-title elementor-size-default\">GEBEL\u0130K GENET\u0130K TESTLER<\/h2>\t\t<\/div>\n\t\t\t\t<\/div>\n\t\t\t\t<\/div>\n\t\t\t\t\t<\/div>\n\t\t\t\t<\/div>\n\t\t<div class=\"elementor-element elementor-element-d4540b5 animated-slow e-flex e-con-boxed elementor-invisible e-con e-parent\" data-id=\"d4540b5\" data-element_type=\"container\" data-settings=\"{&quot;animation&quot;:&quot;fadeInUp&quot;}\" data-core-v316-plus=\"true\">\n\t\t\t\t\t<div class=\"e-con-inner\">\n\t\t<div class=\"elementor-element elementor-element-c09068d e-con-full e-flex e-con e-child\" data-id=\"c09068d\" data-element_type=\"container\">\n\t\t\t\t<div class=\"elementor-element elementor-element-e2c66fe elementor-widget elementor-widget-heading\" data-id=\"e2c66fe\" data-element_type=\"widget\" data-widget_type=\"heading.default\">\n\t\t\t\t<div class=\"elementor-widget-container\">\n\t\t\t<h2 class=\"elementor-heading-title elementor-size-default\">GEBEL\u0130K GENET\u0130K TESTLER<\/h2>\t\t<\/div>\n\t\t\t\t<\/div>\n\t\t\t\t<div class=\"elementor-element elementor-element-f5bed5a elementor-widget elementor-widget-text-editor\" data-id=\"f5bed5a\" data-element_type=\"widget\" data-widget_type=\"text-editor.default\">\n\t\t\t\t<div class=\"elementor-widget-container\">\n\t\t\t<style>\/*! elementor - v3.20.0 - 20-03-2024 *\/\n.elementor-widget-text-editor.elementor-drop-cap-view-stacked .elementor-drop-cap{background-color:#69727d;color:#fff}.elementor-widget-text-editor.elementor-drop-cap-view-framed .elementor-drop-cap{color:#69727d;border:3px solid;background-color:transparent}.elementor-widget-text-editor:not(.elementor-drop-cap-view-default) .elementor-drop-cap{margin-top:8px}.elementor-widget-text-editor:not(.elementor-drop-cap-view-default) .elementor-drop-cap-letter{width:1em;height:1em}.elementor-widget-text-editor .elementor-drop-cap{float:left;text-align:center;line-height:1;font-size:50px}.elementor-widget-text-editor .elementor-drop-cap-letter{display:inline-block}<\/style>\t\t\t\t<p><strong>VERACITY-HARMONY Tarama Testi<\/strong><br \/>Prenatal test, tekil ve ikiz gebeliklerde uygulanabilen, fetal kromozomal an\u00f6ploidilerin saptanmas\u0131 i\u00e7in, yeni nesil non-invaziv prenatal testtir.<br \/>\u00a0<\/p><p><strong>VERACITY-HARMONY Tarama Testi Nezaman yap\u0131l\u0131r?<\/strong><br \/>Gebeli\u011fin 10.haftas\u0131ndan itibaren yap\u0131labildi\u011fi \u00a0 IVF gebelikler i\u00e7in de kullan\u0131labildi\u011fi ve do\u011frulu\u011fu, sa\u011flaml\u0131\u011f\u0131 ve uygun fiyat\u0131 i\u00e7in tercih edilir.<br \/>\u00a0<\/p><p><strong>VERACITY-HARMONY Nas\u0131l Yap\u0131l\u0131r?<\/strong><br \/>Laboratuvar annenin kolundan kan \u00f6rne\u011fini al\u0131r ve analiz i\u00e7in geli\u015fmi\u015f laboratuvar\u0131m\u0131za g\u00f6nderir. Laboratuvarda, annenin kan \u00f6rne\u011finden h\u00fccresiz DNA izole edilmesinin ard\u0131ndan tescilli yeni nesil analitik ve biyoinformatik teknolojimizi kullanarak analiz edilir. Sonu\u00e7lar birka\u00e7 \u00e7al\u0131\u015fma g\u00fcn\u00fc i\u00e7erisinde doktorunuza ula\u015ft\u0131r\u0131l\u0131r.<\/p><p>\u00a0<\/p><p><strong>VERACITY-HARMONY Neyi Tespit Ediyor?<\/strong><br \/>Prenatal test, kromozom say\u0131s\u0131n\u0131n anormal olmas\u0131ndan kaynaklanan en yayg\u0131n fetal an\u00f6ploidiler olan Down Sendromunu, Edwards Sendromunu, Patau Sendromunu, Turner Sendromunu, Triple X Sendromunu, Klinefelter Sendromunu, Jacobs Sendromunu, XXYY Sendromunu test eder. Bunlar\u0131n haricinde mikrodelesyon sonucu olu\u015fan DiGeorge Sendromunu, 1p36 Sendromunu, Smith-Magenis Sendromunu ve Wolf-Hirschhorn Sendromunu tespit eder.<\/p>\t\t\t\t\t\t<\/div>\n\t\t\t\t<\/div>\n\t\t\t\t<\/div>\n\t\t\t\t\t<\/div>\n\t\t\t\t<\/div>\n\t\t\t\t<\/div>\n\t\t","protected":false},"excerpt":{"rendered":"<p>GEBEL\u0130K GENET\u0130K TESTLER GEBEL\u0130K GENET\u0130K TESTLER VERACITY-HARMONY Tarama TestiPrenatal test, tekil ve ikiz gebeliklerde uygulanabilen, fetal kromozomal an\u00f6ploidilerin saptanmas\u0131 i\u00e7in, yeni nesil non-invaziv prenatal testtir.\u00a0 VERACITY-HARMONY Tarama Testi Nezaman yap\u0131l\u0131r?Gebeli\u011fin 10.haftas\u0131ndan itibaren yap\u0131labildi\u011fi \u00a0 IVF gebelikler i\u00e7in de kullan\u0131labildi\u011fi ve do\u011frulu\u011fu, sa\u011flaml\u0131\u011f\u0131 ve uygun fiyat\u0131 i\u00e7in tercih edilir.\u00a0 VERACITY-HARMONY Nas\u0131l Yap\u0131l\u0131r?Laboratuvar annenin kolundan kan \u00f6rne\u011fini [&hellip;]<\/p>\n","protected":false},"author":1,"featured_media":0,"parent":0,"menu_order":0,"comment_status":"closed","ping_status":"closed","template":"","meta":{"footnotes":""},"_links":{"self":[{"href":"https:\/\/bursalaboratuvar.com\/index.php\/wp-json\/wp\/v2\/pages\/357"}],"collection":[{"href":"https:\/\/bursalaboratuvar.com\/index.php\/wp-json\/wp\/v2\/pages"}],"about":[{"href":"https:\/\/bursalaboratuvar.com\/index.php\/wp-json\/wp\/v2\/types\/page"}],"author":[{"embeddable":true,"href":"https:\/\/bursalaboratuvar.com\/index.php\/wp-json\/wp\/v2\/users\/1"}],"replies":[{"embeddable":true,"href":"https:\/\/bursalaboratuvar.com\/index.php\/wp-json\/wp\/v2\/comments?post=357"}],"version-history":[{"count":7,"href":"https:\/\/bursalaboratuvar.com\/index.php\/wp-json\/wp\/v2\/pages\/357\/revisions"}],"predecessor-version":[{"id":368,"href":"https:\/\/bursalaboratuvar.com\/index.php\/wp-json\/wp\/v2\/pages\/357\/revisions\/368"}],"wp:attachment":[{"href":"https:\/\/bursalaboratuvar.com\/index.php\/wp-json\/wp\/v2\/media?parent=357"}],"curies":[{"name":"wp","href":"https:\/\/api.w.org\/{rel}","templated":true}]}}