{"id":375,"date":"2024-03-23T15:28:14","date_gmt":"2024-03-23T12:28:14","guid":{"rendered":"https:\/\/bursalaboratuvar.com\/?page_id=375"},"modified":"2024-03-23T15:30:15","modified_gmt":"2024-03-23T12:30:15","slug":"check-up-nedir","status":"publish","type":"page","link":"https:\/\/bursalaboratuvar.com\/index.php\/check-up-nedir\/","title":{"rendered":"CHECK-UP NED\u0130R"},"content":{"rendered":"\t\t<div data-elementor-type=\"wp-page\" data-elementor-id=\"375\" class=\"elementor elementor-375\" data-elementor-post-type=\"page\">\n\t\t\t\t<div class=\"elementor-element elementor-element-f6db60b e-flex e-con-boxed elementor-invisible e-con e-parent\" data-id=\"f6db60b\" data-element_type=\"container\" data-settings=\"{&quot;animation&quot;:&quot;fadeInDown&quot;}\" data-core-v316-plus=\"true\">\n\t\t\t\t\t<div class=\"e-con-inner\">\n\t\t<div class=\"elementor-element elementor-element-63ae38e e-con-full e-flex e-con e-child\" data-id=\"63ae38e\" data-element_type=\"container\" data-settings=\"{&quot;background_background&quot;:&quot;classic&quot;}\">\n\t\t\t\t<div class=\"elementor-element elementor-element-64d853e elementor-widget elementor-widget-heading\" data-id=\"64d853e\" data-element_type=\"widget\" data-widget_type=\"heading.default\">\n\t\t\t\t<div class=\"elementor-widget-container\">\n\t\t\t<style>\/*! elementor - v3.20.0 - 20-03-2024 *\/\n.elementor-heading-title{padding:0;margin:0;line-height:1}.elementor-widget-heading .elementor-heading-title[class*=elementor-size-]>a{color:inherit;font-size:inherit;line-height:inherit}.elementor-widget-heading .elementor-heading-title.elementor-size-small{font-size:15px}.elementor-widget-heading .elementor-heading-title.elementor-size-medium{font-size:19px}.elementor-widget-heading .elementor-heading-title.elementor-size-large{font-size:29px}.elementor-widget-heading .elementor-heading-title.elementor-size-xl{font-size:39px}.elementor-widget-heading .elementor-heading-title.elementor-size-xxl{font-size:59px}<\/style><h2 class=\"elementor-heading-title elementor-size-default\">CHECK-UP<\/h2>\t\t<\/div>\n\t\t\t\t<\/div>\n\t\t\t\t<\/div>\n\t\t\t\t\t<\/div>\n\t\t\t\t<\/div>\n\t\t<div class=\"elementor-element elementor-element-64f7070 animated-slow e-flex e-con-boxed elementor-invisible e-con e-parent\" data-id=\"64f7070\" data-element_type=\"container\" data-settings=\"{&quot;animation&quot;:&quot;fadeInUp&quot;}\" data-core-v316-plus=\"true\">\n\t\t\t\t\t<div class=\"e-con-inner\">\n\t\t<div class=\"elementor-element elementor-element-e1b1060 e-con-full e-flex e-con e-child\" data-id=\"e1b1060\" data-element_type=\"container\">\n\t\t\t\t<div class=\"elementor-element elementor-element-f87992f elementor-widget elementor-widget-heading\" data-id=\"f87992f\" data-element_type=\"widget\" data-widget_type=\"heading.default\">\n\t\t\t\t<div class=\"elementor-widget-container\">\n\t\t\t<h2 class=\"elementor-heading-title elementor-size-default\">CHECK-UP NED\u0130R\n<\/h2>\t\t<\/div>\n\t\t\t\t<\/div>\n\t\t\t\t<div class=\"elementor-element elementor-element-f1b527d elementor-widget elementor-widget-text-editor\" data-id=\"f1b527d\" data-element_type=\"widget\" data-widget_type=\"text-editor.default\">\n\t\t\t\t<div class=\"elementor-widget-container\">\n\t\t\t<style>\/*! elementor - v3.20.0 - 20-03-2024 *\/\n.elementor-widget-text-editor.elementor-drop-cap-view-stacked .elementor-drop-cap{background-color:#69727d;color:#fff}.elementor-widget-text-editor.elementor-drop-cap-view-framed .elementor-drop-cap{color:#69727d;border:3px solid;background-color:transparent}.elementor-widget-text-editor:not(.elementor-drop-cap-view-default) .elementor-drop-cap{margin-top:8px}.elementor-widget-text-editor:not(.elementor-drop-cap-view-default) .elementor-drop-cap-letter{width:1em;height:1em}.elementor-widget-text-editor .elementor-drop-cap{float:left;text-align:center;line-height:1;font-size:50px}.elementor-widget-text-editor .elementor-drop-cap-letter{display:inline-block}<\/style>\t\t\t\t<p>Check-Up, bir ba\u015fka ad\u0131yla \u201cki\u015fisel sa\u011fl\u0131k taramas\u0131\u201d olas\u0131 hastal\u0131klar\u0131 erken d\u00f6nemde tespit ederek, \u00f6nlem almay\u0131 ve b\u00f6ylece ki\u015finin sa\u011fl\u0131kl\u0131 kalmas\u0131 ama\u00e7lan\u0131r. &#8220;Ki\u015fisel sa\u011fl\u0131k taramas\u0131&#8221;; belirgin bir \u015fikayeti olmasa da insanlarda gizliden gizliye olu\u015fmaya ba\u015flayan rahats\u0131zl\u0131klar\u0131n, hen\u00fcz erken a\u015famadayken saptanmas\u0131 amac\u0131yla yap\u0131lan muayene ve tetkiklerdir.<\/p><p>\u00a0<\/p><p><strong>Neden Gereklidir?<\/strong><br \/>Modern t\u0131p hastal\u0131k ortaya \u00e7\u0131kmadan \u00f6nce gerekli \u00f6nlemleri alarak ki\u015finin sa\u011fl\u0131kl\u0131 kalmas\u0131n\u0131 sa\u011flamay\u0131 ama\u00e7lar. \u00c7\u00fcnk\u00fc hastal\u0131k ortaya \u00e7\u0131kt\u0131ktan sonra hem tedavisi \u00e7ok daha pahal\u0131d\u0131r hem de sa\u011fl\u0131k art\u0131k bir kez bozulmu\u015f olur. \u0130\u015fte bu nedenle, hi\u00e7 \u015fikayeti olmasa da her insan\u0131n belirli periyotlarla doktora ba\u015fvurarak genel sa\u011fl\u0131k kontrol\u00fcnden ge\u00e7mesi gerekir. Bu periyotlar ya\u015fa ve ki\u015finin genel durumuna g\u00f6re de\u011fi\u015febilir.<\/p><p>\u00c7a\u011f\u0131m\u0131z\u0131n hastal\u0131lar\u0131 olan koroner arter hastal\u0131klar\u0131, kanser, hipertansiyon ve pek \u00e7ok di\u011fer hastal\u0131kta erken ve do\u011fru tan\u0131, hem ya\u015fam s\u00fcresi, hem de kalitesi a\u00e7\u0131s\u0131ndan son derece b\u00fcy\u00fck \u00f6nem ta\u015f\u0131r. Ayr\u0131ca hi\u00e7bir belirti vermeden ve hastada hi\u00e7bir \u015fikayete neden olmadan y\u0131llarca sinsice seyreden, \u00f6te yandan beyin, kalp, b\u00f6brekler gibi hayati organlara da zarar veren hipertansiyon, kolesterol y\u00fcksekli\u011fi ve diyabet gibi hastal\u0131klarda da yine erken te\u015fhisin ve d\u00fczenli tedavinin \u00f6nemi b\u00fcy\u00fckt\u00fcr. \u00d6nemsiz oldu\u011funu d\u00fc\u015f\u00fcnd\u00fc\u011f\u00fcn\u00fcz bir belirti bile \u00e7ok \u00f6nemli bir hastal\u0131\u011f\u0131n habercisi olabilir.<\/p><p>Teknoloji ve bilgi patlamas\u0131n\u0131n ba\u015f d\u00f6nd\u00fcr\u00fcc\u00fc h\u0131zla geli\u015fti\u011fi bir \u00e7a\u011fda ya\u015f\u0131yoruz. Bu h\u0131zl\u0131 teknolojik geli\u015fmelerin \u00f6nemli bir b\u00f6l\u00fcm\u00fc t\u0131bbi te\u015fhis alan\u0131nda g\u00f6r\u00fclmektedir. \u00d6rne\u011fin; basit bir kan tahlili ile kalp hastal\u0131\u011f\u0131 a\u00e7\u0131s\u0131ndan risk ta\u015f\u0131d\u0131\u011f\u0131m\u0131z\u0131 tespit edebiliyoruz. \u00d6nemli olan, teknolojinin bize sunmu\u015f oldu\u011fu bu g\u00fczelliklerden hastal\u0131k hali olu\u015fmadan faydalanmakt\u0131r. Check-up erken te\u015fhis i\u00e7in ilk ve \u00f6nemli bir ad\u0131md\u0131r. Hastal\u0131k olu\u015ftuktan sonra yap\u0131lan tahliller check-up demek de\u011fildir. \u00c7\u00fcnk\u00fc ge\u00e7 kal\u0131nm\u0131\u015f ve hastal\u0131k hali olu\u015fmu\u015ftur.<\/p><p>Check-Up sayesinde i\u00e7 organlarda bir tak\u0131m bulgular\u0131n saptanmas\u0131 ile ki\u015finin \u00f6neri yoluyla, baz\u0131 ya\u015famsal al\u0131\u015fkanl\u0131klar\u0131n\u0131 (sigara, alkol t\u00fcketimi, hatal\u0131 beslenme tarz\u0131, d\u00fczenli egzersiz&#8230;) de\u011fi\u015ftirmesi sa\u011flanabilir. B\u00f6ylece, ileride olu\u015fabilecek hastal\u0131klar\u0131n \u00f6n\u00fcne ge\u00e7ilebildi\u011fi gibi, ba\u015flang\u0131\u00e7 a\u015famas\u0131ndaki rahats\u0131zl\u0131klar\u0131n da ilerlemesi engellenebilir.<\/p><p>Bu t\u00fcr hastal\u0131klar\u0131n aras\u0131nda; gizli \u015feker, kolesterol, kroner kalp hastal\u0131klar\u0131, alkol ve Hepatit B&#8217;ye ba\u011fl\u0131 karaci\u011fer hastal\u0131\u011f\u0131, meme &#8211; rahim &#8211; kal\u0131n ba\u011f\u0131rsak gibi s\u0131k g\u00f6r\u00fclen baz\u0131 kanser t\u00fcrleri, kans\u0131zl\u0131k ve kemik erimesi say\u0131labilir<\/p><p>Yap\u0131lacak check-up\u2019la bir\u00e7ok hastal\u0131k taranabilir ve \u015f\u00fcphe edilebilecek bulgularla kar\u015f\u0131la\u015f\u0131labilir. Ayr\u0131ca ki\u015filerin \u015fikayetlerine g\u00f6re ara\u015ft\u0131rma de\u011fi\u015fik alanlarda derinle\u015ftirilebilir.<\/p><p>Erken te\u015fhisle bula\u015f\u0131c\u0131 hastal\u0131klar\u0131n \u00f6zellikle aile i\u00e7i yay\u0131lmas\u0131 \u00f6nlenir, tedavi masraflar\u0131 b\u00fcy\u00fck oranlarda azalt\u0131l\u0131r, kanser gibi ileri evrelerde tedavisi m\u00fcmk\u00fcn olmayan hastal\u0131klar tedavi edilir.<\/p><p>Doktora gitmek i\u00e7in hastalanmay\u0131 beklemeyin.Unutmay\u0131n ki bir \u00e7ok hastal\u0131\u011f\u0131n tedavisi ancak erken tan\u0131 ile m\u00fcmk\u00fcnd\u00fcr. Sa\u011fl\u0131\u011f\u0131n\u0131z i\u00e7in y\u0131lda bir kez check-up yapt\u0131rarak erken tan\u0131 ve tedavi f\u0131rsat\u0131n\u0131 ka\u00e7\u0131rmay\u0131n.<\/p><p>\u00a0<\/p><p><strong>Check-up\u2019la Kanser \u00d6nlenebilir mi?<\/strong><br \/>Baz\u0131 kanserler, belirtileri ortaya \u00e7\u0131kmadan do\u011fru bir tarama ile saptanabilirler. Hi\u00e7bir \u015fikayeti veya belirtisi olmayan insanlarda yap\u0131lan kanser taramas\u0131 sayesinde, baz\u0131 kanserlerin \u00f6nc\u00fcs\u00fc olan yap\u0131lar v\u00fccuttan \u00e7\u0131kar\u0131l\u0131p, kanser olu\u015fumu engellenebilmektedir.<\/p><p>Baz\u0131 kanser t\u00fcrleri zaman\u0131nda yakalan\u0131p tamamen iyile\u015ftirilebildi\u011fi gibi, erken safhalarda yakalanan kanserlerin tedavisi daha ba\u015far\u0131l\u0131 olmaktad\u0131r. Check-up ile yeni geli\u015fmekte olan kanserlerin %50\u2019si \u00f6nlenmekte veya erken safhalarda yakalanabilmektedir.<\/p><p>T\u00fcm bilimsel \u00e7al\u0131\u015fmalar, erken te\u015fhisin hayat s\u00fcresini uzatt\u0131\u011f\u0131n\u0131 kesinlikle ortaya koymaktad\u0131r. Bir\u00e7ok hekim erken te\u015fhis metodlar\u0131 sayesinde her y\u0131l binlerce hayat kurtard\u0131klar\u0131n\u0131 bilmenin mutlulu\u011funu ya\u015farken, daha bir\u00e7ok kurtar\u0131labilecek hayat oldu\u011funun da bilincindedirler.<\/p><p>\u00a0<\/p><p><strong>Unutmay\u0131n!<\/strong><br \/><strong>\u00d6nemsiz oldu\u011funu d\u00fc\u015f\u00fcnd\u00fc\u011f\u00fcn\u00fcz bir belirti \u00e7ok \u00f6nemli bir hastal\u0131\u011f\u0131n habercisi olabilir.<\/strong><\/p>\t\t\t\t\t\t<\/div>\n\t\t\t\t<\/div>\n\t\t\t\t<\/div>\n\t\t\t\t\t<\/div>\n\t\t\t\t<\/div>\n\t\t\t\t<\/div>\n\t\t","protected":false},"excerpt":{"rendered":"<p>CHECK-UP CHECK-UP NED\u0130R Check-Up, bir ba\u015fka ad\u0131yla \u201cki\u015fisel sa\u011fl\u0131k taramas\u0131\u201d olas\u0131 hastal\u0131klar\u0131 erken d\u00f6nemde tespit ederek, \u00f6nlem almay\u0131 ve b\u00f6ylece ki\u015finin sa\u011fl\u0131kl\u0131 kalmas\u0131 ama\u00e7lan\u0131r. &#8220;Ki\u015fisel sa\u011fl\u0131k taramas\u0131&#8221;; belirgin bir \u015fikayeti olmasa da insanlarda gizliden gizliye olu\u015fmaya ba\u015flayan rahats\u0131zl\u0131klar\u0131n, hen\u00fcz erken a\u015famadayken saptanmas\u0131 amac\u0131yla yap\u0131lan muayene ve tetkiklerdir. \u00a0 Neden Gereklidir?Modern t\u0131p hastal\u0131k ortaya \u00e7\u0131kmadan \u00f6nce [&hellip;]<\/p>\n","protected":false},"author":1,"featured_media":0,"parent":0,"menu_order":0,"comment_status":"closed","ping_status":"closed","template":"","meta":{"footnotes":""},"_links":{"self":[{"href":"https:\/\/bursalaboratuvar.com\/index.php\/wp-json\/wp\/v2\/pages\/375"}],"collection":[{"href":"https:\/\/bursalaboratuvar.com\/index.php\/wp-json\/wp\/v2\/pages"}],"about":[{"href":"https:\/\/bursalaboratuvar.com\/index.php\/wp-json\/wp\/v2\/types\/page"}],"author":[{"embeddable":true,"href":"https:\/\/bursalaboratuvar.com\/index.php\/wp-json\/wp\/v2\/users\/1"}],"replies":[{"embeddable":true,"href":"https:\/\/bursalaboratuvar.com\/index.php\/wp-json\/wp\/v2\/comments?post=375"}],"version-history":[{"count":7,"href":"https:\/\/bursalaboratuvar.com\/index.php\/wp-json\/wp\/v2\/pages\/375\/revisions"}],"predecessor-version":[{"id":384,"href":"https:\/\/bursalaboratuvar.com\/index.php\/wp-json\/wp\/v2\/pages\/375\/revisions\/384"}],"wp:attachment":[{"href":"https:\/\/bursalaboratuvar.com\/index.php\/wp-json\/wp\/v2\/media?parent=375"}],"curies":[{"name":"wp","href":"https:\/\/api.w.org\/{rel}","templated":true}]}}